{"id":510,"date":"2017-04-12T15:28:22","date_gmt":"2017-04-12T13:28:22","guid":{"rendered":"http:\/\/mrtim.sk\/import\/"},"modified":"2017-10-30T19:32:24","modified_gmt":"2017-10-30T18:32:24","slug":"import","status":"publish","type":"page","link":"https:\/\/mrtim.eu\/cs\/","title":{"rendered":"Dovozce hluboce zmrazen\u00fdch v\u00fdrobk\u016f"},"content":{"rendered":"","protected":false},"excerpt":{"rendered":"","protected":false},"author":1,"featured_media":0,"parent":0,"menu_order":0,"comment_status":"closed","ping_status":"closed","template":"","meta":[],"yoast_head":"\r\n<title>Dovozce hluboce zmrazen\u00fdch v\u00fdrobk\u016f - Mr.TIM<\/title>\r\n<meta name=\"robots\" content=\"index, follow, max-snippet:-1, max-image-preview:large, max-video-preview:-1\" \/>\r\n<link rel=\"canonical\" href=\"https:\/\/mrtim.eu\/cs\/\" \/>\r\n<meta property=\"og:locale\" content=\"cs_CZ\" \/>\r\n<meta property=\"og:type\" content=\"article\" \/>\r\n<meta property=\"og:title\" content=\"Dovozce hluboce zmrazen\u00fdch v\u00fdrobk\u016f - Mr.TIM\" \/>\r\n<meta property=\"og:url\" content=\"https:\/\/mrtim.eu\/cs\/\" \/>\r\n<meta property=\"og:site_name\" content=\"Mr.TIM\" \/>\r\n<meta property=\"article:modified_time\" content=\"2017-10-30T18:32:24+00:00\" \/>\r\n<meta name=\"twitter:card\" content=\"summary\" \/>\r\n<script type=\"application\/ld+json\" class=\"yoast-schema-graph\">{\"@context\":\"https:\/\/schema.org\",\"@graph\":[{\"@type\":\"WebSite\",\"@id\":\"https:\/\/mrtim.eu\/#website\",\"url\":\"https:\/\/mrtim.eu\/\",\"name\":\"Mr.TIM\",\"description\":\"import hlboko zmrazen\\u00fdch potrav\\u00edn\",\"potentialAction\":[{\"@type\":\"SearchAction\",\"target\":{\"@type\":\"EntryPoint\",\"urlTemplate\":\"https:\/\/mrtim.eu\/?s={search_term_string}\"},\"query-input\":\"required name=search_term_string\"}],\"inLanguage\":\"cs\"},{\"@type\":\"WebPage\",\"@id\":\"https:\/\/mrtim.eu\/cs\/#webpage\",\"url\":\"https:\/\/mrtim.eu\/cs\/\",\"name\":\"Dovozce hluboce zmrazen\\u00fdch v\\u00fdrobk\\u016f - Mr.TIM\",\"isPartOf\":{\"@id\":\"https:\/\/mrtim.eu\/#website\"},\"datePublished\":\"2017-04-12T13:28:22+00:00\",\"dateModified\":\"2017-10-30T18:32:24+00:00\",\"breadcrumb\":{\"@id\":\"https:\/\/mrtim.eu\/cs\/#breadcrumb\"},\"inLanguage\":\"cs\",\"potentialAction\":[{\"@type\":\"ReadAction\",\"target\":[\"https:\/\/mrtim.eu\/cs\/\"]}]},{\"@type\":\"BreadcrumbList\",\"@id\":\"https:\/\/mrtim.eu\/cs\/#breadcrumb\",\"itemListElement\":[{\"@type\":\"ListItem\",\"position\":1,\"name\":\"Home\",\"item\":\"https:\/\/mrtim.eu\/cs\/\"},{\"@type\":\"ListItem\",\"position\":2,\"name\":\"Dovozce hluboce zmrazen\\u00fdch v\\u00fdrobk\\u016f\"}]}]}<\/script>\r\n","yoast_head_json":{"title":"Dovozce hluboce zmrazen\u00fdch v\u00fdrobk\u016f - Mr.TIM","robots":{"index":"index","follow":"follow","max-snippet":"max-snippet:-1","max-image-preview":"max-image-preview:large","max-video-preview":"max-video-preview:-1"},"canonical":"https:\/\/mrtim.eu\/cs\/","og_locale":"cs_CZ","og_type":"article","og_title":"Dovozce hluboce zmrazen\u00fdch v\u00fdrobk\u016f - Mr.TIM","og_url":"https:\/\/mrtim.eu\/cs\/","og_site_name":"Mr.TIM","article_modified_time":"2017-10-30T18:32:24+00:00","twitter_card":"summary","schema":{"@context":"https:\/\/schema.org","@graph":[{"@type":"WebSite","@id":"https:\/\/mrtim.eu\/#website","url":"https:\/\/mrtim.eu\/","name":"Mr.TIM","description":"import hlboko zmrazen\u00fdch potrav\u00edn","potentialAction":[{"@type":"SearchAction","target":{"@type":"EntryPoint","urlTemplate":"https:\/\/mrtim.eu\/?s={search_term_string}"},"query-input":"required name=search_term_string"}],"inLanguage":"cs"},{"@type":"WebPage","@id":"https:\/\/mrtim.eu\/cs\/#webpage","url":"https:\/\/mrtim.eu\/cs\/","name":"Dovozce hluboce zmrazen\u00fdch v\u00fdrobk\u016f - Mr.TIM","isPartOf":{"@id":"https:\/\/mrtim.eu\/#website"},"datePublished":"2017-04-12T13:28:22+00:00","dateModified":"2017-10-30T18:32:24+00:00","breadcrumb":{"@id":"https:\/\/mrtim.eu\/cs\/#breadcrumb"},"inLanguage":"cs","potentialAction":[{"@type":"ReadAction","target":["https:\/\/mrtim.eu\/cs\/"]}]},{"@type":"BreadcrumbList","@id":"https:\/\/mrtim.eu\/cs\/#breadcrumb","itemListElement":[{"@type":"ListItem","position":1,"name":"Home","item":"https:\/\/mrtim.eu\/cs\/"},{"@type":"ListItem","position":2,"name":"Dovozce hluboce zmrazen\u00fdch v\u00fdrobk\u016f"}]}]}},"_links":{"self":[{"href":"https:\/\/mrtim.eu\/cs\/wp-json\/wp\/v2\/pages\/510"}],"collection":[{"href":"https:\/\/mrtim.eu\/cs\/wp-json\/wp\/v2\/pages"}],"about":[{"href":"https:\/\/mrtim.eu\/cs\/wp-json\/wp\/v2\/types\/page"}],"author":[{"embeddable":true,"href":"https:\/\/mrtim.eu\/cs\/wp-json\/wp\/v2\/users\/1"}],"replies":[{"embeddable":true,"href":"https:\/\/mrtim.eu\/cs\/wp-json\/wp\/v2\/comments?post=510"}],"version-history":[{"count":3,"href":"https:\/\/mrtim.eu\/cs\/wp-json\/wp\/v2\/pages\/510\/revisions"}],"predecessor-version":[{"id":816,"href":"https:\/\/mrtim.eu\/cs\/wp-json\/wp\/v2\/pages\/510\/revisions\/816"}],"wp:attachment":[{"href":"https:\/\/mrtim.eu\/cs\/wp-json\/wp\/v2\/media?parent=510"}],"curies":[{"name":"wp","href":"https:\/\/api.w.org\/{rel}","templated":true}]}}